{"id":2879,"date":"2021-02-18T17:47:09","date_gmt":"2021-02-18T16:47:09","guid":{"rendered":"https:\/\/staging.nicolasgilsoul.be\/news\/"},"modified":"2021-03-11T17:33:58","modified_gmt":"2021-03-11T16:33:58","slug":"news","status":"publish","type":"page","link":"https:\/\/nicolasgilsoul.be\/fr\/news\/","title":{"rendered":"Nouvelles"},"content":{"rendered":"\t\t<div data-elementor-type=\"wp-page\" data-elementor-id=\"2879\" class=\"elementor elementor-2879\">\n\t\t\t\t\t\t<div class=\"elementor-inner\">\n\t\t\t\t<div class=\"elementor-section-wrap\">\n\t\t\t\t\t\t\t\t\t<section class=\"elementor-section elementor-top-section elementor-element elementor-element-3d95525 elementor-section-boxed elementor-section-height-default elementor-section-height-default\" data-id=\"3d95525\" data-element_type=\"section\">\n\t\t\t\t\t\t<div class=\"elementor-container elementor-column-gap-default\">\n\t\t\t\t\t\t\t<div class=\"elementor-row\">\n\t\t\t\t\t<div class=\"elementor-column elementor-col-100 elementor-top-column elementor-element elementor-element-71e9735\" data-id=\"71e9735\" data-element_type=\"column\">\n\t\t\t<div class=\"elementor-column-wrap elementor-element-populated\">\n\t\t\t\t\t\t\t<div class=\"elementor-widget-wrap\">\n\t\t\t\t\t\t<div class=\"elementor-element elementor-element-fca59f6 elementor-widget elementor-widget-heading\" data-id=\"fca59f6\" data-element_type=\"widget\" data-widget_type=\"heading.default\">\n\t\t\t\t<div class=\"elementor-widget-container\">\n\t\t\t<h1 class=\"elementor-heading-title elementor-size-default\">TOUTES LES NEWS<\/h1>\t\t<\/div>\n\t\t\t\t<\/div>\n\t\t\t\t\t\t<\/div>\n\t\t\t\t\t<\/div>\n\t\t<\/div>\n\t\t\t\t\t\t\t\t<\/div>\n\t\t\t\t\t<\/div>\n\t\t<\/section>\n\t\t\t\t<section class=\"elementor-section elementor-top-section elementor-element elementor-element-31e394a elementor-section-boxed elementor-section-height-default elementor-section-height-default\" data-id=\"31e394a\" data-element_type=\"section\">\n\t\t\t\t\t\t<div class=\"elementor-container elementor-column-gap-default\">\n\t\t\t\t\t\t\t<div class=\"elementor-row\">\n\t\t\t\t\t<div class=\"elementor-column elementor-col-100 elementor-top-column elementor-element elementor-element-9265f4e\" data-id=\"9265f4e\" data-element_type=\"column\">\n\t\t\t<div class=\"elementor-column-wrap elementor-element-populated\">\n\t\t\t\t\t\t\t<div class=\"elementor-widget-wrap\">\n\t\t\t\t\t\t<div class=\"elementor-element elementor-element-b1c4380 elementor-widget elementor-widget-heading\" data-id=\"b1c4380\" data-element_type=\"widget\" data-widget_type=\"heading.default\">\n\t\t\t\t<div class=\"elementor-widget-container\">\n\t\t\t<h2 class=\"elementor-heading-title elementor-size-default\">Actualit\u00e9s instagram<\/h2>\t\t<\/div>\n\t\t\t\t<\/div>\n\t\t\t\t<div class=\"elementor-element elementor-element-d08d427 elementor-widget elementor-widget-premium-addon-instagram-feed\" data-id=\"d08d427\" data-element_type=\"widget\" data-settings=\"{&quot;premium_instagram_feed_column_number&quot;:&quot;25%&quot;,&quot;premium_instagram_feed_column_number_tablet&quot;:&quot;50%&quot;,&quot;premium_instagram_feed_column_number_mobile&quot;:&quot;100%&quot;}\" data-widget_type=\"premium-addon-instagram-feed.default\">\n\t\t\t\t<div class=\"elementor-widget-container\">\n\t\t\t\t\t\t<div class=\"premium-instafeed-container elementor-invisible\" data-settings=\"{&quot;api&quot;:&quot;new&quot;,&quot;tags&quot;:&quot;&quot;,&quot;sort&quot;:&quot;none&quot;,&quot;limit&quot;:12,&quot;likes&quot;:&quot;&quot;,&quot;comments&quot;:&quot;&quot;,&quot;description&quot;:&quot;&lt;p class=\\&quot;premium-insta-image-caption\\&quot;&gt;{{caption}}&lt;\\\/p&gt;&quot;,&quot;link&quot;:&quot;&lt;a href=\\&quot;{{link}}\\&quot;target=\\&quot;_blank\\&quot;&gt;&lt;\\\/a&gt;&quot;,&quot;videos&quot;:null,&quot;id&quot;:&quot;premium-instafeed-container-d08d427&quot;,&quot;masonry&quot;:false,&quot;theme&quot;:null,&quot;words&quot;:26,&quot;share&quot;:&quot;&quot;,&quot;overlay&quot;:&quot;&quot;,&quot;feed&quot;:{&quot;error&quot;:{&quot;message&quot;:&quot;Error validating application&quot;,&quot;type&quot;:&quot;OAuthException&quot;,&quot;code&quot;:190,&quot;fbtrace_id&quot;:&quot;AmgheX6Jtub_yf-lpSTQnNv&quot;}},&quot;filter&quot;:&quot;show&quot;}\">\n\t\t\t\t<div id=\"premium-instafeed-container-d08d427\" class=\"premium-insta-grid premium-insta-zoomin\"><\/div>\n\t\t\t\t<div class=\"premium-loading-feed premium-show-loading\">\n\t\t\t\t\t<div class=\"premium-loader\"><\/div>\n\t\t\t\t<\/div>\n\t\t\t<\/div>\n\n\t\t\t\t\t<\/div>\n\t\t\t\t<\/div>\n\t\t\t\t\t\t<\/div>\n\t\t\t\t\t<\/div>\n\t\t<\/div>\n\t\t\t\t\t\t\t\t<\/div>\n\t\t\t\t\t<\/div>\n\t\t<\/section>\n\t\t\t\t<section class=\"elementor-section elementor-top-section elementor-element elementor-element-ff7d50e elementor-section-boxed elementor-section-height-default elementor-section-height-default\" data-id=\"ff7d50e\" data-element_type=\"section\">\n\t\t\t\t\t\t<div class=\"elementor-container elementor-column-gap-default\">\n\t\t\t\t\t\t\t<div class=\"elementor-row\">\n\t\t\t\t\t<div class=\"elementor-column elementor-col-100 elementor-top-column elementor-element elementor-element-e85c93d\" data-id=\"e85c93d\" data-element_type=\"column\">\n\t\t\t<div class=\"elementor-column-wrap elementor-element-populated\">\n\t\t\t\t\t\t\t<div class=\"elementor-widget-wrap\">\n\t\t\t\t\t\t<div class=\"elementor-element elementor-element-6464723 elementor-widget elementor-widget-heading\" data-id=\"6464723\" data-element_type=\"widget\" data-widget_type=\"heading.default\">\n\t\t\t\t<div class=\"elementor-widget-container\">\n\t\t\t<h2 class=\"elementor-heading-title elementor-size-default\">Archives<\/h2>\t\t<\/div>\n\t\t\t\t<\/div>\n\t\t\t\t<div class=\"elementor-element elementor-element-ce0d270 premium-blog-align-left elementor-widget elementor-widget-premium-addon-blog\" data-id=\"ce0d270\" data-element_type=\"widget\" data-settings=\"{&quot;force_height&quot;:&quot;true&quot;,&quot;premium_blog_grid&quot;:&quot;yes&quot;,&quot;premium_blog_layout&quot;:&quot;even&quot;,&quot;premium_blog_columns_number&quot;:&quot;50%&quot;,&quot;premium_blog_columns_number_tablet&quot;:&quot;50%&quot;,&quot;premium_blog_columns_number_mobile&quot;:&quot;100%&quot;,&quot;scroll_to_offset&quot;:&quot;yes&quot;}\" data-widget_type=\"premium-addon-blog.default\">\n\t\t\t\t<div class=\"elementor-widget-container\">\n\t\t\t\r\n\t\t\t\t<div class=\"premium-blog-wrap  premium-blog-even\" data-page=\"2879\" data-pagination=\"true\">\r\n\t\t\t\t\t<div class=\"premium-blog-post-outer-container\" data-total=\"10\">\n\t\t\t<div class=\"premium-blog-post-container premium-blog-skin-classic\">\n\t\t\t\t\t\t\t\t\t<div class=\"premium-blog-thumb-effect-wrapper\">\n\t\t\t\t\t\t<div class=\"premium-blog-thumbnail-container premium-blog-zoomin-effect\">\n\t\t\t\t\t\t\t<img decoding=\"async\" width=\"960\" height=\"640\" src=\"https:\/\/nicolasgilsoul.be\/wp-content\/uploads\/2019\/06\/2019PORTUGAL_FD_267.jpg\" class=\"attachment-full size-full wp-image-2512\" alt=\"\" loading=\"lazy\" srcset=\"https:\/\/nicolasgilsoul.be\/wp-content\/uploads\/2019\/06\/2019PORTUGAL_FD_267.jpg 960w, https:\/\/nicolasgilsoul.be\/wp-content\/uploads\/2019\/06\/2019PORTUGAL_FD_267-300x200.jpg 300w, https:\/\/nicolasgilsoul.be\/wp-content\/uploads\/2019\/06\/2019PORTUGAL_FD_267-768x512.jpg 768w, https:\/\/nicolasgilsoul.be\/wp-content\/uploads\/2019\/06\/2019PORTUGAL_FD_267-600x400.jpg 600w, https:\/\/nicolasgilsoul.be\/wp-content\/uploads\/2019\/06\/2019PORTUGAL_FD_267-848x565.jpg 848w\" sizes=\"(max-width: 960px) 100vw, 960px\" \/>\t\t\t\t\t\t<\/div>\n\t\t\t\t\t\t\t\t\t\t\t\t\t<div class=\"premium-blog-thumbnail-overlay\">\n\t\t\t\t\t\t\t\t<a class=\"elementor-icon\" href=\"https:\/\/nicolasgilsoul.be\/fr\/debriefing-portugal\/\" target=\"_self\" aria-hidden=\"true\"><\/a>\n\t\t\t\t\t\t\t<\/div>\n\t\t\t\t\t\t\t\t\t\t\t<\/div>\n\t\t\t\t\t\t\t\t\t\t\t\t<div class=\"premium-blog-content-wrapper \">\n\n\t\t\t\t\t<div class=\"premium-blog-inner-container\">\n\n\t\t\t\t\t\t\t\t\t\t\t\t\t\t<h2 class=\"premium-blog-entry-title\">\n\t\t\t<a href=\"https:\/\/nicolasgilsoul.be\/fr\/debriefing-portugal\/\" target=\"_self\">\n\t\t\t\tD\u00e9brief \u2013 Portugal\t\t\t<\/a>\n\t\t<\/h2>\n\t\t\t\t<div class=\"premium-blog-entry-meta\">\n\t\t\t\n\t\t\t\t\t\t\t<span class=\"premium-blog-meta-separator\">\u2022<\/span>\n\t\t\t\t<div class=\"premium-blog-post-time premium-blog-meta-data\">\n\t\t\t\t\t<i class=\"fa fa-clock-o\" aria-hidden=\"true\"><\/i>\n\t\t\t\t\t<span>05\/06\/2019<\/span>\n\t\t\t\t<\/div>\n\t\t\t\n\t\t\t\t\t\t\t<span class=\"premium-blog-meta-separator\">\u2022<\/span>\n\t\t\t\t<div class=\"premium-blog-post-categories premium-blog-meta-data\">\n\t\t\t\t\t<i class=\"fa fa-align-left fa-fw\" aria-hidden=\"true\"><\/i>\n\t\t\t\t\t<a href=\"https:\/\/nicolasgilsoul.be\/fr\/category\/road-book-fr\/\" rel=\"category tag\">Road Book<\/a>\t\t\t\t<\/div>\n\t\t\t\n\t\t\t\t\t<\/div>\n\t\t\n\t\t\t\t\t<\/div>\n\n\t\t\t\t\t<p class=\"premium-blog-post-content\">\u00ab\u00a0Les automatismes sont toujours l\u00e0\u00a0!\u00a0\u00bb Pour la cinqui\u00e8me fois depuis le lancement de cette passionnante saison 2019, Thierry et moi sommes mont\u00e9s \u2026<\/p>\t\t\t\t\t\n\t\t\t\t<\/div>\n\t\t\t<\/div>\n\t\t<\/div>\n\n\t\t\t\t<div class=\"premium-blog-post-outer-container\" data-total=\"10\">\n\t\t\t<div class=\"premium-blog-post-container premium-blog-skin-classic\">\n\t\t\t\t\t\t\t\t\t<div class=\"premium-blog-thumb-effect-wrapper\">\n\t\t\t\t\t\t<div class=\"premium-blog-thumbnail-container premium-blog-zoomin-effect\">\n\t\t\t\t\t\t\t<img decoding=\"async\" width=\"960\" height=\"640\" src=\"https:\/\/nicolasgilsoul.be\/wp-content\/uploads\/2019\/05\/2019CHILE_FD_195-1.jpg\" class=\"attachment-full size-full wp-image-2532\" alt=\"\" loading=\"lazy\" srcset=\"https:\/\/nicolasgilsoul.be\/wp-content\/uploads\/2019\/05\/2019CHILE_FD_195-1.jpg 960w, https:\/\/nicolasgilsoul.be\/wp-content\/uploads\/2019\/05\/2019CHILE_FD_195-1-300x200.jpg 300w, https:\/\/nicolasgilsoul.be\/wp-content\/uploads\/2019\/05\/2019CHILE_FD_195-1-768x512.jpg 768w, https:\/\/nicolasgilsoul.be\/wp-content\/uploads\/2019\/05\/2019CHILE_FD_195-1-600x400.jpg 600w, https:\/\/nicolasgilsoul.be\/wp-content\/uploads\/2019\/05\/2019CHILE_FD_195-1-848x565.jpg 848w\" sizes=\"(max-width: 960px) 100vw, 960px\" \/>\t\t\t\t\t\t<\/div>\n\t\t\t\t\t\t\t\t\t\t\t\t\t<div class=\"premium-blog-thumbnail-overlay\">\n\t\t\t\t\t\t\t\t<a class=\"elementor-icon\" href=\"https:\/\/nicolasgilsoul.be\/fr\/debriefing-chili\/\" target=\"_self\" aria-hidden=\"true\"><\/a>\n\t\t\t\t\t\t\t<\/div>\n\t\t\t\t\t\t\t\t\t\t\t<\/div>\n\t\t\t\t\t\t\t\t\t\t\t\t<div class=\"premium-blog-content-wrapper \">\n\n\t\t\t\t\t<div class=\"premium-blog-inner-container\">\n\n\t\t\t\t\t\t\t\t\t\t\t\t\t\t<h2 class=\"premium-blog-entry-title\">\n\t\t\t<a href=\"https:\/\/nicolasgilsoul.be\/fr\/debriefing-chili\/\" target=\"_self\">\n\t\t\t\tD\u00e9brief \u2013 Chili\t\t\t<\/a>\n\t\t<\/h2>\n\t\t\t\t<div class=\"premium-blog-entry-meta\">\n\t\t\t\n\t\t\t\t\t\t\t<span class=\"premium-blog-meta-separator\">\u2022<\/span>\n\t\t\t\t<div class=\"premium-blog-post-time premium-blog-meta-data\">\n\t\t\t\t\t<i class=\"fa fa-clock-o\" aria-hidden=\"true\"><\/i>\n\t\t\t\t\t<span>16\/05\/2019<\/span>\n\t\t\t\t<\/div>\n\t\t\t\n\t\t\t\t\t\t\t<span class=\"premium-blog-meta-separator\">\u2022<\/span>\n\t\t\t\t<div class=\"premium-blog-post-categories premium-blog-meta-data\">\n\t\t\t\t\t<i class=\"fa fa-align-left fa-fw\" aria-hidden=\"true\"><\/i>\n\t\t\t\t\t<a href=\"https:\/\/nicolasgilsoul.be\/fr\/category\/road-book-fr\/\" rel=\"category tag\">Road Book<\/a>\t\t\t\t<\/div>\n\t\t\t\n\t\t\t\t\t<\/div>\n\t\t\n\t\t\t\t\t<\/div>\n\n\t\t\t\t\t<p class=\"premium-blog-post-content\">\u00ab\u00a0La pr\u00e9paration du Rallye du Portugal a d\u00e9j\u00e0 commenc\u00e9\u2026\u00a0\u00bb Apr\u00e8s deux victoires en Corse et en Argentine, avec Thierry, on esp\u00e9rait d\u00e9frayer \u2026<\/p>\t\t\t\t\t\n\t\t\t\t<\/div>\n\t\t\t<\/div>\n\t\t<\/div>\n\n\t\t\t\t<div class=\"premium-blog-post-outer-container\" data-total=\"10\">\n\t\t\t<div class=\"premium-blog-post-container premium-blog-skin-classic\">\n\t\t\t\t\t\t\t\t\t<div class=\"premium-blog-thumb-effect-wrapper\">\n\t\t\t\t\t\t<div class=\"premium-blog-thumbnail-container premium-blog-zoomin-effect\">\n\t\t\t\t\t\t\t<img decoding=\"async\" width=\"960\" height=\"600\" src=\"https:\/\/nicolasgilsoul.be\/wp-content\/uploads\/2018\/11\/Cover-Aus.jpg\" class=\"attachment-full size-full wp-image-2619\" alt=\"\" loading=\"lazy\" srcset=\"https:\/\/nicolasgilsoul.be\/wp-content\/uploads\/2018\/11\/Cover-Aus.jpg 960w, https:\/\/nicolasgilsoul.be\/wp-content\/uploads\/2018\/11\/Cover-Aus-300x188.jpg 300w, https:\/\/nicolasgilsoul.be\/wp-content\/uploads\/2018\/11\/Cover-Aus-768x480.jpg 768w, https:\/\/nicolasgilsoul.be\/wp-content\/uploads\/2018\/11\/Cover-Aus-848x530.jpg 848w\" sizes=\"(max-width: 960px) 100vw, 960px\" \/>\t\t\t\t\t\t<\/div>\n\t\t\t\t\t\t\t\t\t\t\t\t\t<div class=\"premium-blog-thumbnail-overlay\">\n\t\t\t\t\t\t\t\t<a class=\"elementor-icon\" href=\"https:\/\/nicolasgilsoul.be\/fr\/thank-you\/\" target=\"_self\" aria-hidden=\"true\"><\/a>\n\t\t\t\t\t\t\t<\/div>\n\t\t\t\t\t\t\t\t\t\t\t<\/div>\n\t\t\t\t\t\t\t\t\t\t\t\t<div class=\"premium-blog-content-wrapper \">\n\n\t\t\t\t\t<div class=\"premium-blog-inner-container\">\n\n\t\t\t\t\t\t\t\t\t\t\t\t\t\t<h2 class=\"premium-blog-entry-title\">\n\t\t\t<a href=\"https:\/\/nicolasgilsoul.be\/fr\/thank-you\/\" target=\"_self\">\n\t\t\t\tMerci.\t\t\t<\/a>\n\t\t<\/h2>\n\t\t\t\t<div class=\"premium-blog-entry-meta\">\n\t\t\t\n\t\t\t\t\t\t\t<span class=\"premium-blog-meta-separator\">\u2022<\/span>\n\t\t\t\t<div class=\"premium-blog-post-time premium-blog-meta-data\">\n\t\t\t\t\t<i class=\"fa fa-clock-o\" aria-hidden=\"true\"><\/i>\n\t\t\t\t\t<span>18\/11\/2018<\/span>\n\t\t\t\t<\/div>\n\t\t\t\n\t\t\t\t\t\t\t<span class=\"premium-blog-meta-separator\">\u2022<\/span>\n\t\t\t\t<div class=\"premium-blog-post-categories premium-blog-meta-data\">\n\t\t\t\t\t<i class=\"fa fa-align-left fa-fw\" aria-hidden=\"true\"><\/i>\n\t\t\t\t\t<a href=\"https:\/\/nicolasgilsoul.be\/fr\/category\/road-book-fr\/\" rel=\"category tag\">Road Book<\/a>\t\t\t\t<\/div>\n\t\t\t\n\t\t\t\t\t<\/div>\n\t\t\n\t\t\t\t\t<\/div>\n\n\t\t\t\t\t<p class=\"premium-blog-post-content\">Clap de fin sur une saison incroyable. Tellement de sentiments traversent mon esprit, mais le plus fort est la gratitude. J\u2019ai envie \u2026<\/p>\t\t\t\t\t\n\t\t\t\t<\/div>\n\t\t\t<\/div>\n\t\t<\/div>\n\n\t\t\t\t<div class=\"premium-blog-post-outer-container\" data-total=\"10\">\n\t\t\t<div class=\"premium-blog-post-container premium-blog-skin-classic\">\n\t\t\t\t\t\t\t\t\t<div class=\"premium-blog-thumb-effect-wrapper\">\n\t\t\t\t\t\t<div class=\"premium-blog-thumbnail-container premium-blog-zoomin-effect\">\n\t\t\t\t\t\t\t<img decoding=\"async\" width=\"960\" height=\"600\" src=\"https:\/\/nicolasgilsoul.be\/wp-content\/uploads\/2018\/10\/Catalunya-Cover.jpg\" class=\"attachment-full size-full wp-image-2639\" alt=\"\" loading=\"lazy\" srcset=\"https:\/\/nicolasgilsoul.be\/wp-content\/uploads\/2018\/10\/Catalunya-Cover.jpg 960w, https:\/\/nicolasgilsoul.be\/wp-content\/uploads\/2018\/10\/Catalunya-Cover-300x188.jpg 300w, https:\/\/nicolasgilsoul.be\/wp-content\/uploads\/2018\/10\/Catalunya-Cover-768x480.jpg 768w, https:\/\/nicolasgilsoul.be\/wp-content\/uploads\/2018\/10\/Catalunya-Cover-848x530.jpg 848w\" sizes=\"(max-width: 960px) 100vw, 960px\" \/>\t\t\t\t\t\t<\/div>\n\t\t\t\t\t\t\t\t\t\t\t\t\t<div class=\"premium-blog-thumbnail-overlay\">\n\t\t\t\t\t\t\t\t<a class=\"elementor-icon\" href=\"https:\/\/nicolasgilsoul.be\/fr\/till-the-end\/\" target=\"_self\" aria-hidden=\"true\"><\/a>\n\t\t\t\t\t\t\t<\/div>\n\t\t\t\t\t\t\t\t\t\t\t<\/div>\n\t\t\t\t\t\t\t\t\t\t\t\t<div class=\"premium-blog-content-wrapper \">\n\n\t\t\t\t\t<div class=\"premium-blog-inner-container\">\n\n\t\t\t\t\t\t\t\t\t\t\t\t\t\t<h2 class=\"premium-blog-entry-title\">\n\t\t\t<a href=\"https:\/\/nicolasgilsoul.be\/fr\/till-the-end\/\" target=\"_self\">\n\t\t\t\tJusqu\u2019au bout\u2026\t\t\t<\/a>\n\t\t<\/h2>\n\t\t\t\t<div class=\"premium-blog-entry-meta\">\n\t\t\t\n\t\t\t\t\t\t\t<span class=\"premium-blog-meta-separator\">\u2022<\/span>\n\t\t\t\t<div class=\"premium-blog-post-time premium-blog-meta-data\">\n\t\t\t\t\t<i class=\"fa fa-clock-o\" aria-hidden=\"true\"><\/i>\n\t\t\t\t\t<span>28\/10\/2018<\/span>\n\t\t\t\t<\/div>\n\t\t\t\n\t\t\t\t\t\t\t<span class=\"premium-blog-meta-separator\">\u2022<\/span>\n\t\t\t\t<div class=\"premium-blog-post-categories premium-blog-meta-data\">\n\t\t\t\t\t<i class=\"fa fa-align-left fa-fw\" aria-hidden=\"true\"><\/i>\n\t\t\t\t\t<a href=\"https:\/\/nicolasgilsoul.be\/fr\/category\/road-book-fr\/\" rel=\"category tag\">Road Book<\/a>\t\t\t\t<\/div>\n\t\t\t\n\t\t\t\t\t<\/div>\n\t\t\n\t\t\t\t\t<\/div>\n\n\t\t\t\t\t<p class=\"premium-blog-post-content\">Une fois de plus, la manche du WRC que nous venons de vivre a \u00e9t\u00e9 \u00e9pique ! Le rallye de Catalogne est \u2026<\/p>\t\t\t\t\t\n\t\t\t\t<\/div>\n\t\t\t<\/div>\n\t\t<\/div>\n\n\t\t\t\t<\/div>\r\n\r\n\t\t\t\t<div class=\"premium-blog-footer\">\r\n\t\t\t\t\t<nav class=\"premium-blog-pagination-container\" role=\"navigation\" aria-label=\"Pagination\">\n\t\t\t<span class=\"page-numbers current\">1<\/span>\n<a class=\"page-numbers\" href=\"https:\/\/nicolasgilsoul.be\/fr\/wp-json\/wp\/v2\/pages\/2879\/page\/2\/\">2<\/a>\n<a class=\"page-numbers\" href=\"https:\/\/nicolasgilsoul.be\/fr\/wp-json\/wp\/v2\/pages\/2879\/page\/3\/\">3<\/a>\n<span class=\"page-numbers dots\">\u2026<\/span>\n<a class=\"page-numbers\" href=\"https:\/\/nicolasgilsoul.be\/fr\/wp-json\/wp\/v2\/pages\/2879\/page\/5\/\">5<\/a>\n<a class=\"next page-numbers\" href=\"https:\/\/nicolasgilsoul.be\/fr\/wp-json\/wp\/v2\/pages\/2879\/page\/2\/\">Next \u00bb<\/a>\t\t<\/nav>\n\t\t\t\t<\/div>\r\n\t\t\t\t\t<\/div>\n\t\t\t\t<\/div>\n\t\t\t\t\t\t<\/div>\n\t\t\t\t\t<\/div>\n\t\t<\/div>\n\t\t\t\t\t\t\t\t<\/div>\n\t\t\t\t\t<\/div>\n\t\t<\/section>\n\t\t\t\t\t\t\t\t\t<\/div>\n\t\t\t<\/div>\n\t\t\t\t\t<\/div>\n\t\t","protected":false},"excerpt":{"rendered":"<p>TOUTES LES NEWS Actualit\u00e9s instagram Archives D\u00e9brief \u2013 Portugal \u2022 05\/06\/2019 \u2022 Road Book \u00ab\u00a0Les automatismes sont toujours l\u00e0\u00a0!\u00a0\u00bb Pour la cinqui\u00e8me fois depuis le lancement de cette passionnante saison 2019, Thierry et moi sommes mont\u00e9s \u2026 D\u00e9brief \u2013 Chili \u2022 16\/05\/2019 \u2022 Road Book \u00ab\u00a0La pr\u00e9paration du Rallye du Portugal a d\u00e9j\u00e0 commenc\u00e9\u2026\u00a0\u00bb Apr\u00e8s [&hellip;]<\/p>\n","protected":false},"author":4,"featured_media":0,"parent":0,"menu_order":0,"comment_status":"closed","ping_status":"closed","template":"full-width.php","meta":[],"acf":[],"_links":{"self":[{"href":"https:\/\/nicolasgilsoul.be\/fr\/wp-json\/wp\/v2\/pages\/2879"}],"collection":[{"href":"https:\/\/nicolasgilsoul.be\/fr\/wp-json\/wp\/v2\/pages"}],"about":[{"href":"https:\/\/nicolasgilsoul.be\/fr\/wp-json\/wp\/v2\/types\/page"}],"author":[{"embeddable":true,"href":"https:\/\/nicolasgilsoul.be\/fr\/wp-json\/wp\/v2\/users\/4"}],"replies":[{"embeddable":true,"href":"https:\/\/nicolasgilsoul.be\/fr\/wp-json\/wp\/v2\/comments?post=2879"}],"version-history":[{"count":10,"href":"https:\/\/nicolasgilsoul.be\/fr\/wp-json\/wp\/v2\/pages\/2879\/revisions"}],"predecessor-version":[{"id":3420,"href":"https:\/\/nicolasgilsoul.be\/fr\/wp-json\/wp\/v2\/pages\/2879\/revisions\/3420"}],"wp:attachment":[{"href":"https:\/\/nicolasgilsoul.be\/fr\/wp-json\/wp\/v2\/media?parent=2879"}],"curies":[{"name":"wp","href":"https:\/\/api.w.org\/{rel}","templated":true}]}}